{"id":349,"date":"2019-01-07T19:54:45","date_gmt":"2019-01-07T18:54:45","guid":{"rendered":"https:\/\/ajde-jano.pl\/?page_id=349"},"modified":"2019-01-07T19:54:45","modified_gmt":"2019-01-07T18:54:45","slug":"polityka-prywatnosci","status":"publish","type":"page","link":"https:\/\/ajde-jano.pl\/index.php\/polityka-prywatnosci\/","title":{"rendered":"Polityka prywatno\u015bci"},"content":{"rendered":"\n<h2 class=\"wp-block-heading\">Klauzula informacyjna RODO w zakresie\nprzetwarzania danych osobowych<\/h2>\n\n\n\n<p>Administratorem danych osobowych jest Stowarzyszeniem mi\u0142o\u015bnik\u00f3w ta\u0144c\u00f3w w kr\u0119gu, ta\u0144c\u00f3w etnicznych oraz terapii ta\u0144cem Ajde Jano  wpisanym do rejestru stowarzysze\u0144 innych organizacji spo\u0142ecznych i zawodowych, fundacji oraz publicznych zak\u0142ad\u00f3w opieki zdrowotnej pod nr KRS 0000413259, kt\u00f3rej akta rejestrowe przechowywane s\u0105 przez S\u0105d Rejonowy Bydgoszcz XIII Wydzia\u0142 Gospodarczy KRS, NIP 5542917737, REGON 341253790. <\/p>\n\n\n\n<p>Przekazane dane\nosobowe \/adres email. Imi\u0119 nazwisko, n-r telefonu\/ przetwarzane b\u0119d\u0105\nw celu realizacji dzia\u0142a\u0144 statutowych oraz  udzielania odpowiedzi\nna zg\u0142oszenia;<\/p>\n\n\n\n<p>Kategorie danych\nosobowych obejmuj\u0105 m.in. imi\u0119 i nazwisko, numer telefonu, adres\ne-mail, adres, dane dedykowane do procesu rejestracji cz\u0142onka\nstowarzyszenia<\/p>\n\n\n\n<p>Pani \/ Pana dane\nosobowe nie b\u0119d\u0105 przekazywane innym podmiotom przetwarzaj\u0105cym dane\nosobowe \n<\/p>\n\n\n\n<p> Pa\u0144stwa dane\nosobowe b\u0119d\u0105 przechowywane przez okres istnienia prawnie\nuzasadnionego interesu administratora, chyba \u017ce Pani \/ Pan wyrazi\nsprzeciw wobec przetwarzania danych;<\/p>\n\n\n\n<p>Pa\u0144stwa dane nie\nb\u0119d\u0105 przekazywane do pa\u0144stwa trzeciego ani organizacji\nmi\u0119dzynarodowej;<\/p>\n\n\n\n<p> Posiadaj\u0105 Pa\u0144stwo\nprawo dost\u0119pu do tre\u015bci swoich danych oraz prawo ich sprostowania,\nusuni\u0119cia, ograniczenia przetwarzania, prawo do przenoszenia danych,\nprawo wniesienia sprzeciwu, prawo do cofni\u0119cia zgody w dowolnym\nmomencie bez wp\u0142ywu na zgodno\u015b\u0107 z prawem przetwarzania, kt\u00f3rego\ndokonano na podstawie zgody przed jej cofni\u0119ciem;<\/p>\n\n\n\n<p> Maj\u0105 Pa\u0144stwo\nprawo wniesienia skargi do organu nadzorczego zajmuj\u0105cego si\u0119\nochron\u0105 danych osobowych, kt\u00f3rym jest Prezes Urz\u0119du Ochrony Danych\nOsobowych, gdy uznaj\u0105 Pa\u0144stwo, i\u017c przetwarzanie Pa\u0144stwa danych\nosobowych narusza przepisy ustawy z dnia 10 maja 2018 r. o ochronie\ndanych osobowych (tekst jednolity Dz. U. z 2018 r., poz. 1000) lub\nprzepisy Rozporz\u0105dzenia Parlamentu Europejskiego i Rady (UE)\n2016\/679 z dnia 27 kwietnia 2016 r. w sprawie ochrony os\u00f3b\nfizycznych w zwi\u0105zku z przetwarzaniem danych osobowych i w sprawie\nswobodnego przep\u0142ywu takich danych oraz uchylenia dyrektywy 95\/46\/WE\n(og\u00f3lne rozporz\u0105dzenie o ochronie danych) z dnia 27 kwietnia 2016\nr. (Dz.Urz.UE.L Nr 119, str. 1);<\/p>\n\n\n\n<p> Dane pochodz\u0105 od\nos\u00f3b, kt\u00f3rych dane dotycz\u0105;<\/p>\n\n\n\n<p>. Podanie przez\nPa\u0144stwa danych osobowych jest dobrowolne; \n<\/p>\n\n\n\n<p><\/p>\n","protected":false},"excerpt":{"rendered":"<p>Klauzula informacyjna RODO w zakresie przetwarzania danych osobowych Administratorem danych osobowych jest Stowarzyszeniem mi\u0142o\u015bnik\u00f3w ta\u0144c\u00f3w w kr\u0119gu, ta\u0144c\u00f3w etnicznych oraz terapii ta\u0144cem Ajde Jano wpisanym do rejestru stowarzysze\u0144 innych organizacji&#8230;<\/p>\n","protected":false},"author":1,"featured_media":0,"parent":0,"menu_order":0,"comment_status":"closed","ping_status":"closed","template":"","meta":{"jetpack_post_was_ever_published":false,"two_page_speed":[],"footnotes":""},"class_list":["post-349","page","type-page","status-publish","hentry"],"jetpack_sharing_enabled":true,"jetpack_shortlink":"https:\/\/wp.me\/P9cktr-5D","_links":{"self":[{"href":"https:\/\/ajde-jano.pl\/index.php\/wp-json\/wp\/v2\/pages\/349","targetHints":{"allow":["GET"]}}],"collection":[{"href":"https:\/\/ajde-jano.pl\/index.php\/wp-json\/wp\/v2\/pages"}],"about":[{"href":"https:\/\/ajde-jano.pl\/index.php\/wp-json\/wp\/v2\/types\/page"}],"author":[{"embeddable":true,"href":"https:\/\/ajde-jano.pl\/index.php\/wp-json\/wp\/v2\/users\/1"}],"replies":[{"embeddable":true,"href":"https:\/\/ajde-jano.pl\/index.php\/wp-json\/wp\/v2\/comments?post=349"}],"version-history":[{"count":1,"href":"https:\/\/ajde-jano.pl\/index.php\/wp-json\/wp\/v2\/pages\/349\/revisions"}],"predecessor-version":[{"id":350,"href":"https:\/\/ajde-jano.pl\/index.php\/wp-json\/wp\/v2\/pages\/349\/revisions\/350"}],"wp:attachment":[{"href":"https:\/\/ajde-jano.pl\/index.php\/wp-json\/wp\/v2\/media?parent=349"}],"curies":[{"name":"wp","href":"https:\/\/api.w.org\/{rel}","templated":true}]}}